{"id":150,"date":"2023-06-02T22:05:52","date_gmt":"2023-06-02T22:05:52","guid":{"rendered":"https:\/\/ugrmarketing.com\/?page_id=150"},"modified":"2023-06-27T00:08:49","modified_gmt":"2023-06-27T00:08:49","slug":"privacy-policy","status":"publish","type":"page","link":"https:\/\/ugrmarketing.com\/es\/politica-de-privacidad\/","title":{"rendered":"Pol\u00edtica de Privacidad"},"content":{"rendered":"<div data-elementor-type=\"wp-page\" data-elementor-id=\"150\" class=\"elementor elementor-150\" data-elementor-post-type=\"page\">\n\t\t\t\t\t\t<section class=\"elementor-section elementor-top-section elementor-element elementor-element-5a6d2b2b elementor-section-full_width elementor-section-height-min-height elementor-section-height-default elementor-section-items-middle\" data-id=\"5a6d2b2b\" data-element_type=\"section\" data-e-type=\"section\" data-settings=\"{&quot;background_background&quot;:&quot;classic&quot;}\">\n\t\t\t\t\t\t\t<div class=\"elementor-background-overlay\"><\/div>\n\t\t\t\t\t\t\t<div class=\"elementor-container elementor-column-gap-no\">\n\t\t\t\t\t<div class=\"elementor-column elementor-col-100 elementor-top-column elementor-element elementor-element-15dfa98f\" data-id=\"15dfa98f\" data-element_type=\"column\" data-e-type=\"column\">\n\t\t\t<div class=\"elementor-widget-wrap elementor-element-populated\">\n\t\t\t\t\t\t<div class=\"elementor-element elementor-element-66136014 elementor-widget elementor-widget-heading\" data-id=\"66136014\" data-element_type=\"widget\" data-e-type=\"widget\" data-widget_type=\"heading.default\">\n\t\t\t\t<div class=\"elementor-widget-container\">\n\t\t\t\t\t<h1 class=\"elementor-heading-title elementor-size-default\">Pol\u00edtica de Privacidad<\/h1>\t\t\t\t<\/div>\n\t\t\t\t<\/div>\n\t\t\t\t\t<\/div>\n\t\t<\/div>\n\t\t\t\t\t<\/div>\n\t\t<\/section>\n\t\t\t\t<section class=\"elementor-section elementor-top-section elementor-element elementor-element-5eaf8b76 elementor-section-boxed elementor-section-height-default elementor-section-height-default\" data-id=\"5eaf8b76\" data-element_type=\"section\" data-e-type=\"section\">\n\t\t\t\t\t\t<div class=\"elementor-container elementor-column-gap-default\">\n\t\t\t\t\t<div class=\"elementor-column elementor-col-100 elementor-top-column elementor-element elementor-element-0f5b561\" data-id=\"0f5b561\" data-element_type=\"column\" data-e-type=\"column\">\n\t\t\t<div class=\"elementor-widget-wrap elementor-element-populated\">\n\t\t\t\t\t\t<div class=\"elementor-element elementor-element-ea057a0 elementor-widget elementor-widget-text-editor\" data-id=\"ea057a0\" data-element_type=\"widget\" data-e-type=\"widget\" data-widget_type=\"text-editor.default\">\n\t\t\t\t<div class=\"elementor-widget-container\">\n\t\t\t\t\t\t\t\t\t<p>\u00daltima actualizaci\u00f3n: 5 de Mayo, 2023<\/p><p>Gracias por visitar el sitio web de HK UGR. Valoramos tu privacidad y nos comprometemos a proteger tu informaci\u00f3n personal. Esta Pol\u00edtica de Privacidad describe c\u00f3mo recopilamos, utilizamos y protegemos la informaci\u00f3n que nos proporcionas a trav\u00e9s de nuestro sitio web.<\/p><p><strong>Informaci\u00f3n que recopilamos<\/strong><\/p><p>1.1 Informaci\u00f3n personal<\/p><p>Cuando visitas nuestro sitio web, podemos recopilar cierta informaci\u00f3n personal identificable (\"Informaci\u00f3n personal\") que voluntariamente nos proporcionas. Esto puede incluir tu nombre, direcci\u00f3n de correo electr\u00f3nico, n\u00famero de tel\u00e9fono y cualquier otra informaci\u00f3n que decidas proporcionar al contactarnos a trav\u00e9s del sitio web.<\/p><p>1.2 Datos de uso<\/p><p>Adem\u00e1s de la Informaci\u00f3n personal, tambi\u00e9n podemos recopilar informaci\u00f3n no personal identificable que tu navegador web o dispositivo proporciona autom\u00e1ticamente cuando visitas nuestro sitio web. Esto puede incluir tu direcci\u00f3n IP, tipo de navegador, sistema operativo, origen de referencia, p\u00e1ginas visitadas y otros detalles de navegaci\u00f3n.<\/p><p><strong>Uso de la informaci\u00f3n recopilada<\/strong><\/p><p>2.1 Informaci\u00f3n personal<\/p><p>Podemos utilizar la Informaci\u00f3n personal que nos proporcionas para los siguientes fines:<\/p><p>Responder a tus consultas y brindarte los servicios que solicitas.<br \/>Enviarte informaci\u00f3n relevante, actualizaciones y materiales promocionales relacionados con nuestros servicios.<br \/>Mejorar nuestro sitio web, servicios y experiencia del usuario.<br \/>Analizar y comprender c\u00f3mo se accede y utiliza nuestro sitio web.<br \/>Cumplir con las obligaciones legales o proteger nuestros derechos e intereses.<\/p><p>2.2 Datos de uso<\/p><p>La informaci\u00f3n no personal identificable recopilada mediante el uso de cookies y tecnolog\u00edas similares puede utilizarse para analizar tendencias, administrar el sitio web, rastrear los movimientos de los usuarios en el sitio y recopilar informaci\u00f3n demogr\u00e1fica. Estos datos nos ayudan a comprender c\u00f3mo se utiliza nuestro sitio web y nos permiten mejorar tu experiencia.<\/p><p><strong>Cookies y tecnolog\u00edas de seguimiento<\/strong><\/p><p>Podemos utilizar cookies, balizas web y otras tecnolog\u00edas de seguimiento para recopilar informaci\u00f3n sobre tus actividades de navegaci\u00f3n en nuestro sitio web. Las cookies son peque\u00f1os archivos almacenados en tu dispositivo que permiten ciertas caracter\u00edsticas y funcionalidades del sitio web. Al utilizar nuestro sitio web, aceptas el uso de cookies y tecnolog\u00edas de seguimiento seg\u00fan se describe en nuestra Pol\u00edtica de Cookies.<\/p><p><strong>Seguridad de los datos<\/strong><\/p><p>Empleamos medidas de seguridad est\u00e1ndar de la industria para proteger tu Informaci\u00f3n personal contra el acceso no autorizado, la alteraci\u00f3n, la divulgaci\u00f3n o la destrucci\u00f3n. Sin embargo, ten en cuenta que ning\u00fan m\u00e9todo de transmisi\u00f3n por Internet o almacenamiento electr\u00f3nico es 100% seguro, y no podemos garantizar una seguridad absoluta.<\/p><p><strong>Divulgaci\u00f3n a terceros<\/strong><\/p><p>No vendemos, comerciamos ni transferimos tu Informaci\u00f3n personal a terceros sin tu consentimiento. Sin embargo, podemos compartir tu informaci\u00f3n con terceros de confianza que nos ayudan a operar nuestro sitio web, llevar a cabo actividades comerciales o brindarte servicios, siempre y cuando acepten mantener tu informaci\u00f3n confidencial.<\/p><p><strong>Enlaces a sitios web de terceros<\/strong><\/p><p>Nuestro sitio web puede contener enlaces a sitios web de terceros. Ten en cuenta que no tenemos control sobre el contenido, las pol\u00edticas de privacidad o las pr\u00e1cticas de estos sitios web. Te recomendamos que revises las pol\u00edticas de privacidad de cualquier sitio de terceros que visites.<\/p><p><strong>Privacidad de los ni\u00f1os<\/strong><\/p><p>Nuestros servicios no est\u00e1n destinados a personas menores de 16 a\u00f1os. No recopilamos ni solicitamos de manera consciente informaci\u00f3n personal de ni\u00f1os. Si nos damos cuenta de que hemos recopilado informaci\u00f3n personal de un ni\u00f1o menor de 16 a\u00f1os sin el consentimiento de los padres, tomaremos medidas para eliminar r\u00e1pidamente esa informaci\u00f3n de nuestros registros.<\/p><p><strong>Actualizaciones de la Pol\u00edtica de Privacidad<\/strong><\/p><p>Nos reservamos el derecho de actualizar o modificar esta Pol\u00edtica de Privacidad en cualquier momento y sin previo aviso. Cualquier cambio entrar\u00e1 en vigencia inmediatamente despu\u00e9s de la publicaci\u00f3n de la Pol\u00edtica de Privacidad revisada en nuestro sitio web. Te recomendamos que revises esta p\u00e1gina peri\u00f3dicamente para estar informado sobre c\u00f3mo protegemos tu informaci\u00f3n.<\/p><p><strong>Cont\u00e1ctenos<\/strong><\/p><p>Si tienes alguna pregunta, inquietud o solicitud relacionada con esta Pol\u00edtica de Privacidad, cont\u00e1ctanos utilizando la siguiente informaci\u00f3n:<\/p><p><strong>HK UGR<\/strong><\/p><p>Direcci\u00f3n: RM A07, 1701-02 New Trend Centre, 704 Prince Edward Road East, San Po Kong KlN Hong Kong<\/p><p>info@ugrmarketing.com<\/p><p>Al utilizar nuestro sitio web, reconoces que has le\u00eddo, comprendido y aceptado los t\u00e9rminos de esta Pol\u00edtica de Privacidad.<\/p>\t\t\t\t\t\t\t\t<\/div>\n\t\t\t\t<\/div>\n\t\t\t\t\t<\/div>\n\t\t<\/div>\n\t\t\t\t\t<\/div>\n\t\t<\/section>\n\t\t\t\t<\/div>","protected":false},"excerpt":{"rendered":"<p>Privacy Policy Last Updated: May 22, 2023 Thank you for visiting the HK UGR website. We value your privacy and are committed to protecting your personal information. This Privacy Policy outlines how we collect, use, and safeguard the information you provide to us through our website. Information We Collect 1.1 Personal Information When you visit [&hellip;]<\/p>\n","protected":false},"author":3,"featured_media":0,"parent":0,"menu_order":0,"comment_status":"closed","ping_status":"closed","template":"elementor_header_footer","meta":{"footnotes":""},"class_list":["post-150","page","type-page","status-publish","hentry"],"_links":{"self":[{"href":"https:\/\/ugrmarketing.com\/es\/wp-json\/wp\/v2\/pages\/150","targetHints":{"allow":["GET"]}}],"collection":[{"href":"https:\/\/ugrmarketing.com\/es\/wp-json\/wp\/v2\/pages"}],"about":[{"href":"https:\/\/ugrmarketing.com\/es\/wp-json\/wp\/v2\/types\/page"}],"author":[{"embeddable":true,"href":"https:\/\/ugrmarketing.com\/es\/wp-json\/wp\/v2\/users\/3"}],"replies":[{"embeddable":true,"href":"https:\/\/ugrmarketing.com\/es\/wp-json\/wp\/v2\/comments?post=150"}],"version-history":[{"count":13,"href":"https:\/\/ugrmarketing.com\/es\/wp-json\/wp\/v2\/pages\/150\/revisions"}],"predecessor-version":[{"id":1064,"href":"https:\/\/ugrmarketing.com\/es\/wp-json\/wp\/v2\/pages\/150\/revisions\/1064"}],"wp:attachment":[{"href":"https:\/\/ugrmarketing.com\/es\/wp-json\/wp\/v2\/media?parent=150"}],"curies":[{"name":"wp","href":"https:\/\/api.w.org\/{rel}","templated":true}]}}